{"id":444,"date":"2022-03-24T15:23:47","date_gmt":"2022-03-24T15:23:47","guid":{"rendered":"https:\/\/aliothwp-light.pethemes.com\/?page_id=444"},"modified":"2025-10-27T15:31:10","modified_gmt":"2025-10-27T15:31:10","slug":"blog","status":"publish","type":"page","link":"https:\/\/twenty8studios.eu\/en\/blog\/","title":{"rendered":"Blog"},"content":{"rendered":"<style>\/*! elementor - v3.7.8 - 02-10-2022 *\/\n.elementor-heading-title{padding:0;margin:0;line-height:1}.elementor-widget-heading .elementor-heading-title[class*=elementor-size-]>a{color:inherit;font-size:inherit;line-height:inherit}.elementor-widget-heading .elementor-heading-title.elementor-size-small{font-size:15px}.elementor-widget-heading .elementor-heading-title.elementor-size-medium{font-size:19px}.elementor-widget-heading .elementor-heading-title.elementor-size-large{font-size:29px}.elementor-widget-heading .elementor-heading-title.elementor-size-xl{font-size:39px}.elementor-widget-heading .elementor-heading-title.elementor-size-xxl{font-size:59px}<\/style>\n<h6>talking about us<\/h6>\n<h1>News<\/h1>\n<p><!--Alioth Blog List--><br \/>\n        <!--Blog Post--><br \/>\n        <!--Blog Post Image--><br \/>\n            <img decoding=\"async\" alt=\"\" src=\"https:\/\/twenty8studios.eu\/wp-content\/uploads\/2022\/10\/28studios_per_acinque_social.jpg\"><br \/>\n        <!--\/Blog Post Image--><br \/>\n        <!--Blog Post Date--><br \/>\n        <a href=\"https:\/\/twenty8studios.eu\/riempiamo-di-buona-energia-i-canali-social-di-acinque-2\/\" rel=\"bookmark\"><time datetime=\"2022-10-13T09:27:39+00:00\">Ottobre 13, 2022<\/time><time datetime=\"2022-10-19T14:51:01+00:00\">Ottobre 19, 2022<\/time><\/a><br \/>\n        <!--\/Blog Post Date--><br \/>\n        <!--Blog Post Cat--><br \/>\n        <a href=\"https:\/\/twenty8studios.eu\/category\/news\/\" rel=\"category tag\">News<\/a><br \/>\n        <!--\/Blog Post Cat--><br \/>\n        <a href=\"https:\/\/twenty8studios.eu\/riempiamo-di-buona-energia-i-canali-social-di-acinque-2\/\"><br \/>\n            <!--Blog Post Title--><\/p>\n<h2>Riempiamo di buona energia i canali social di acinque<\/h2>\n<p>            <!--Blog Post Title--><br \/>\n            <!--Blog Post Summary--><\/p>\n<h5> L\u2019independent creative studio unisce le forze con la multiutility lombarda per posizionare il nuovo brand nel mondo social, con focus sul territorio e sulla sostenibilit\u00e0. A TWENTY8 Studios, independent creative studio di Piazza Duomo, il compito di lanciare e curare i canali LinkedIn, Instagram, Facebook di Acinque, la multiutility del nord della Lombardia che dal [&hellip;]<\/h5>\n<p>            <!--\/Blog Post Summary--><br \/>\n        <\/a><br \/>\n    <!--\/Blog Post--><br \/>\n        <!--Blog Post--><br \/>\n        <!--Blog Post Image--><br \/>\n            <img decoding=\"async\" alt=\"spot azimut intelligence\" src=\"https:\/\/twenty8studios.eu\/wp-content\/uploads\/2022\/02\/spot-azimut_592904.jpg\"><br \/>\n        <!--\/Blog Post Image--><br \/>\n        <!--Blog Post Date--><br \/>\n        <a href=\"https:\/\/twenty8studios.eu\/on-air-la-nuova-campagna-ai-azimutintelligence-tv-stampa-web\/\" rel=\"bookmark\"><time datetime=\"2022-02-06T13:35:22+00:00\">Febbraio 6, 2022<\/time><time datetime=\"2022-10-19T14:50:32+00:00\">Ottobre 19, 2022<\/time><\/a><br \/>\n        <!--\/Blog Post Date--><br \/>\n        <!--Blog Post Cat--><br \/>\n        <a href=\"https:\/\/twenty8studios.eu\/category\/news\/\" rel=\"category tag\">News<\/a><br \/>\n        <!--\/Blog Post Cat--><br \/>\n        <a href=\"https:\/\/twenty8studios.eu\/on-air-la-nuova-campagna-ai-azimutintelligence-tv-stampa-web\/\"><br \/>\n            <!--Blog Post Title--><\/p>\n<h2>On-air la nuova campagna AI Azimut Intelligence. TV, stampa e web<\/h2>\n<p>            <!--Blog Post Title--><br \/>\n            <!--Blog Post Summary--><\/p>\n<h5> Dal 6 febbraio il nuovo spot Azimut Per la sua nuova campagna pubblicitaria \u201cAi, Azimut intelligence\u201d, Azimut, uno dei principali operatori indipendenti nel risparmio gestito, ha scelto come partner creativo, strategico e di produzione Twenty8 Studios, content e concept creator milanese. La comunicazione \u00e8 on air dal 6 febbraio e comprende spot tv con tagli [&hellip;]<\/h5>\n<p>            <!--\/Blog Post Summary--><br \/>\n        <\/a><br \/>\n    <!--\/Blog Post--><br \/>\n        <!--Blog Post--><br \/>\n        <!--Blog Post Image--><br \/>\n            <img decoding=\"async\" alt=\"UniCredit_imprese_Ferzan_twenty8_2\" src=\"https:\/\/twenty8studios.eu\/wp-content\/uploads\/2021\/03\/UniCredit_imprese_Ferzan_twenty8_2.jpg\"><br \/>\n        <!--\/Blog Post Image--><br \/>\n        <!--Blog Post Date--><br \/>\n        <a href=\"https:\/\/twenty8studios.eu\/unicredit-per-italia-on-air-lo-spot-dedicato-alle-imprese-ferzan-ozpetek\/\" rel=\"bookmark\"><time datetime=\"2021-03-23T13:43:28+00:00\">Marzo 23, 2021<\/time><time datetime=\"2022-10-19T14:33:24+00:00\">Ottobre 19, 2022<\/time><\/a><br \/>\n        <!--\/Blog Post Date--><br \/>\n        <!--Blog Post Cat--><br \/>\n        <a href=\"https:\/\/twenty8studios.eu\/category\/news\/\" rel=\"category tag\">News<\/a><br \/>\n        <!--\/Blog Post Cat--><br \/>\n        <a href=\"https:\/\/twenty8studios.eu\/unicredit-per-italia-on-air-lo-spot-dedicato-alle-imprese-ferzan-ozpetek\/\"><br \/>\n            <!--Blog Post Title--><\/p>\n<h2>UniCredit per l\u2019Italia, on air lo spot dedicato alle imprese. Firma Ferzan Ozpetek<\/h2>\n<p>            <!--Blog Post Title--><br \/>\n            <!--Blog Post Summary--><\/p>\n<h5> UniCredit ha nuovamente scelto come partner creativo e strategico TWENTY8 STUDIOS, content e concept creator milanese, e il cineasta Ferzan \u00d6zpetek come regista dello spot tv. Il risultato in questa occasione \u00e8 un film che racconta una storia di attualit\u00e0. Uno storytelling che passa attraverso alcuni settori del tessuto sociale italiano: dalla sartoria al tessile, [&hellip;]<\/h5>\n<p>            <!--\/Blog Post Summary--><br \/>\n        <\/a><br \/>\n    <!--\/Blog Post--><br \/>\n        <!--Blog Post--><br \/>\n        <!--Blog Post Image--><br \/>\n            <img decoding=\"async\" alt=\"unicredit per italia 28studios\" src=\"https:\/\/twenty8studios.eu\/wp-content\/uploads\/2020\/12\/unicredit_per_italia0.jpg\"><br \/>\n        <!--\/Blog Post Image--><br \/>\n        <!--Blog Post Date--><br \/>\n        <a href=\"https:\/\/twenty8studios.eu\/lo-spot-di-natale-unicredit-per-italia-con-ferzan-ozpetek\/\" rel=\"bookmark\"><time datetime=\"2020-12-06T13:42:48+00:00\">Dicembre 6, 2020<\/time><time datetime=\"2022-10-19T14:50:21+00:00\">Ottobre 19, 2022<\/time><\/a><br \/>\n        <!--\/Blog Post Date--><br \/>\n        <!--Blog Post Cat--><br \/>\n        <a href=\"https:\/\/twenty8studios.eu\/category\/news\/\" rel=\"category tag\">News<\/a><br \/>\n        <!--\/Blog Post Cat--><br \/>\n        <a href=\"https:\/\/twenty8studios.eu\/lo-spot-di-natale-unicredit-per-italia-con-ferzan-ozpetek\/\"><br \/>\n            <!--Blog Post Title--><\/p>\n<h2>Lo spot di Natale UniCredit per l&#8217;Italia con Ferzan \u00d6zpetek<\/h2>\n<p>            <!--Blog Post Title--><br \/>\n            <!--Blog Post Summary--><\/p>\n<h5> Dal 6 dicembre al via la nuova campagna pubblicitaria di UniCredit per dare un messaggio di vicinanza agli italiani con la firma di Ferzan Ozpetek. Il film fa parte di un pi\u00f9 ampio progetto di comunicazione \u2013 declinato anche su stampa, digital e social \u2013 per dare un messaggio di vicinanza agli italiani e un [&hellip;]<\/h5>\n<p>            <!--\/Blog Post Summary--><br \/>\n        <\/a><br \/>\n    <!--\/Blog Post--><br \/>\n    <!--Post Images (Don't Touch)--><br \/>\n    <!--\/Post Images (Don't Touch)--><br \/>\n<!--\/Alioth Blog List--><\/p>\n","protected":false},"excerpt":{"rendered":"<p>talking about us News Ottobre 13, 2022Ottobre 19, 2022 News Riempiamo di buona energia i canali social di acinque L\u2019independent creative studio unisce le forze con la multiutility lombarda per posizionare il nuovo brand nel mondo social, con focus sul territorio e sulla sostenibilit\u00e0. A TWENTY8 Studios, independent creative studio di Piazza Duomo, il compito [&hellip;]<\/p>\n","protected":false},"author":3,"featured_media":2573,"parent":0,"menu_order":0,"comment_status":"closed","ping_status":"closed","template":"","meta":{"_acf_changed":false,"footnotes":""},"class_list":["post-444","page","type-page","status-publish","has-post-thumbnail","hentry"],"translation":{"provider":"WPGlobus","version":"3.0.1","language":"en","enabled_languages":["it","en"],"languages":{"it":{"title":true,"content":true,"excerpt":false},"en":{"title":true,"content":true,"excerpt":false}}},"acf":[],"yoast_head":"<!-- This site is optimized with the Yoast SEO plugin v26.6 - https:\/\/yoast.com\/wordpress\/plugins\/seo\/ -->\n<title>Blog - Twenty8 Studios<\/title>\n<meta name=\"robots\" content=\"index, follow, max-snippet:-1, max-image-preview:large, max-video-preview:-1\" \/>\n<link rel=\"canonical\" href=\"https:\/\/twenty8studios.eu\/blog\/\" \/>\n<meta property=\"og:locale\" content=\"en_US\" \/>\n<meta property=\"og:type\" content=\"article\" \/>\n<meta property=\"og:title\" content=\"Blog - Twenty8 Studios\" \/>\n<meta property=\"og:url\" content=\"https:\/\/twenty8studios.eu\/blog\/\" \/>\n<meta property=\"og:site_name\" content=\"Twenty8 Studios\" \/>\n<meta property=\"article:publisher\" content=\"https:\/\/www.facebook.com\/28studios.eu\" \/>\n<meta property=\"article:modified_time\" content=\"2025-10-27T15:31:10+00:00\" \/>\n<meta property=\"og:image\" content=\"https:\/\/twenty8studios.eu\/wp-content\/uploads\/2022\/10\/Schermata-2022-10-14-alle-12.40.01-1024x458.png\" \/>\n\t<meta property=\"og:image:width\" content=\"1024\" \/>\n\t<meta property=\"og:image:height\" content=\"458\" \/>\n\t<meta property=\"og:image:type\" content=\"image\/png\" \/>\n<meta name=\"twitter:card\" content=\"summary_large_image\" \/>\n<meta name=\"twitter:label1\" content=\"Est. reading time\" \/>\n\t<meta name=\"twitter:data1\" content=\"4 minutes\" \/>\n<script type=\"application\/ld+json\" class=\"yoast-schema-graph\">{\"@context\":\"https:\/\/schema.org\",\"@graph\":[{\"@type\":\"WebPage\",\"@id\":\"https:\/\/twenty8studios.eu\/blog\/\",\"url\":\"https:\/\/twenty8studios.eu\/blog\/\",\"name\":\"Blog - Twenty8 Studios\",\"isPartOf\":{\"@id\":\"https:\/\/twenty8studios.eu\/en\/#website\"},\"primaryImageOfPage\":{\"@id\":\"https:\/\/twenty8studios.eu\/blog\/#primaryimage\"},\"image\":{\"@id\":\"https:\/\/twenty8studios.eu\/blog\/#primaryimage\"},\"thumbnailUrl\":\"https:\/\/twenty8studios.eu\/wp-content\/uploads\/2022\/10\/Schermata-2022-10-14-alle-12.40.01.png\",\"datePublished\":\"2022-03-24T15:23:47+00:00\",\"dateModified\":\"2025-10-27T15:31:10+00:00\",\"description\":\"talking about us News Ottobre 13, 2022Ottobre 19, 2022 News Riempiamo di buona energia i canali social di acinque L\u2019independent creative studio unisce le forze con la multiutility lombarda per posizionare il nuovo brand nel mondo social, con focus sul territorio e sulla sostenibilit\u00e0. A TWENTY8 Studios, independent creative studio di Piazza Duomo, il compito di lanciare e curare i canali LinkedIn, Instagram, Facebook di Acinque, la multiutility del nord della Lombardia che dal Febbraio 6, 2022Ottobre 19, 2022 News On-air la nuova campagna AI Azimut Intelligence. TV, stampa e web Dal 6 febbraio il nuovo spot Azimut Per la sua nuova campagna pubblicitaria \u201cAi, Azimut intelligence\u201d, Azimut, uno dei principali operatori indipendenti nel risparmio gestito, ha scelto come partner creativo, strategico e di produzione Twenty8 Studios, content e concept creator milanese. La comunicazione \u00e8 on air dal 6 febbraio e comprende spot tv con tagli Marzo 23, 2021Ottobre 19, 2022 News UniCredit per l\u2019Italia, on air lo spot dedicato alle imprese. Firma Ferzan Ozpetek UniCredit ha nuovamente scelto come partner creativo e strategico TWENTY8 STUDIOS, content e concept creator milanese, e il cineasta Ferzan \u00d6zpetek come regista dello spot tv. Il risultato in questa occasione \u00e8 un film che racconta una storia di attualit\u00e0. Uno storytelling che passa attraverso alcuni settori del tessuto sociale italiano: dalla sartoria al tessile, Dicembre 6, 2020Ottobre 19, 2022 News Lo spot di Natale UniCredit per l&#8217;Italia con Ferzan \u00d6zpetek Dal 6 dicembre al via la nuova campagna pubblicitaria di UniCredit per dare un messaggio di vicinanza agli italiani con la firma di Ferzan Ozpetek. Il film fa parte di un pi\u00f9 ampio progetto di comunicazione \u2013 declinato anche su stampa, digital e social \u2013 per dare un messaggio di vicinanza agli italiani e un\",\"breadcrumb\":{\"@id\":\"https:\/\/twenty8studios.eu\/blog\/#breadcrumb\"},\"inLanguage\":\"en-US\",\"potentialAction\":[{\"@type\":\"ReadAction\",\"target\":[\"https:\/\/twenty8studios.eu\/blog\/\"]}]},{\"@type\":\"ImageObject\",\"inLanguage\":\"en-US\",\"@id\":\"https:\/\/twenty8studios.eu\/blog\/#primaryimage\",\"url\":\"https:\/\/twenty8studios.eu\/wp-content\/uploads\/2022\/10\/Schermata-2022-10-14-alle-12.40.01.png\",\"contentUrl\":\"https:\/\/twenty8studios.eu\/wp-content\/uploads\/2022\/10\/Schermata-2022-10-14-alle-12.40.01.png\",\"width\":2832,\"height\":1266,\"caption\":\"28studios duomo milano\"},{\"@type\":\"BreadcrumbList\",\"@id\":\"https:\/\/twenty8studios.eu\/blog\/#breadcrumb\",\"itemListElement\":[{\"@type\":\"ListItem\",\"position\":1,\"name\":\"Home\",\"item\":\"https:\/\/twenty8studios.eu\/\"},{\"@type\":\"ListItem\",\"position\":2,\"name\":\"Blog\"}]},{\"@type\":\"WebSite\",\"@id\":\"https:\/\/twenty8studios.eu\/en\/#website\",\"url\":\"https:\/\/twenty8studios.eu\/en\/\",\"name\":\"Twenty8 Studios\",\"description\":\"your first creator studios\",\"publisher\":{\"@id\":\"https:\/\/twenty8studios.eu\/en\/#organization\"},\"potentialAction\":[{\"@type\":\"SearchAction\",\"target\":{\"@type\":\"EntryPoint\",\"urlTemplate\":\"https:\/\/twenty8studios.eu\/en\/?s={search_term_string}\"},\"query-input\":{\"@type\":\"PropertyValueSpecification\",\"valueRequired\":true,\"valueName\":\"search_term_string\"}}],\"inLanguage\":\"en-US\"},{\"@type\":\"Organization\",\"@id\":\"https:\/\/twenty8studios.eu\/en\/#organization\",\"name\":\"Twenty8Studios\",\"url\":\"https:\/\/twenty8studios.eu\/en\/\",\"logo\":{\"@type\":\"ImageObject\",\"inLanguage\":\"en-US\",\"@id\":\"https:\/\/twenty8studios.eu\/en\/#\/schema\/logo\/image\/\",\"url\":\"https:\/\/twenty8studios.eu\/wp-content\/uploads\/2022\/10\/twenty8studios.svg\",\"contentUrl\":\"https:\/\/twenty8studios.eu\/wp-content\/uploads\/2022\/10\/twenty8studios.svg\",\"width\":629,\"height\":92,\"caption\":\"Twenty8Studios\"},\"image\":{\"@id\":\"https:\/\/twenty8studios.eu\/en\/#\/schema\/logo\/image\/\"},\"sameAs\":[\"https:\/\/www.facebook.com\/28studios.eu\",\"https:\/\/www.instagram.com\/28studios.eu\/\"]}]}<\/script>\n<!-- \/ Yoast SEO plugin. -->","yoast_head_json":{"title":"Blog - Twenty8 Studios","robots":{"index":"index","follow":"follow","max-snippet":"max-snippet:-1","max-image-preview":"max-image-preview:large","max-video-preview":"max-video-preview:-1"},"canonical":"https:\/\/twenty8studios.eu\/blog\/","og_locale":"en_US","og_type":"article","og_title":"Blog - Twenty8 Studios","og_url":"https:\/\/twenty8studios.eu\/blog\/","og_site_name":"Twenty8 Studios","article_publisher":"https:\/\/www.facebook.com\/28studios.eu","article_modified_time":"2025-10-27T15:31:10+00:00","og_image":[{"width":1024,"height":458,"url":"https:\/\/twenty8studios.eu\/wp-content\/uploads\/2022\/10\/Schermata-2022-10-14-alle-12.40.01-1024x458.png","type":"image\/png"}],"twitter_card":"summary_large_image","twitter_misc":{"Est. reading time":"4 minutes"},"schema":{"@context":"https:\/\/schema.org","@graph":[{"@type":"WebPage","@id":"https:\/\/twenty8studios.eu\/blog\/","url":"https:\/\/twenty8studios.eu\/blog\/","name":"Blog - Twenty8 Studios","isPartOf":{"@id":"https:\/\/twenty8studios.eu\/en\/#website"},"primaryImageOfPage":{"@id":"https:\/\/twenty8studios.eu\/blog\/#primaryimage"},"image":{"@id":"https:\/\/twenty8studios.eu\/blog\/#primaryimage"},"thumbnailUrl":"https:\/\/twenty8studios.eu\/wp-content\/uploads\/2022\/10\/Schermata-2022-10-14-alle-12.40.01.png","datePublished":"2022-03-24T15:23:47+00:00","dateModified":"2025-10-27T15:31:10+00:00","description":"talking about us News Ottobre 13, 2022Ottobre 19, 2022 News Riempiamo di buona energia i canali social di acinque L\u2019independent creative studio unisce le forze con la multiutility lombarda per posizionare il nuovo brand nel mondo social, con focus sul territorio e sulla sostenibilit\u00e0. A TWENTY8 Studios, independent creative studio di Piazza Duomo, il compito di lanciare e curare i canali LinkedIn, Instagram, Facebook di Acinque, la multiutility del nord della Lombardia che dal Febbraio 6, 2022Ottobre 19, 2022 News On-air la nuova campagna AI Azimut Intelligence. TV, stampa e web Dal 6 febbraio il nuovo spot Azimut Per la sua nuova campagna pubblicitaria \u201cAi, Azimut intelligence\u201d, Azimut, uno dei principali operatori indipendenti nel risparmio gestito, ha scelto come partner creativo, strategico e di produzione Twenty8 Studios, content e concept creator milanese. La comunicazione \u00e8 on air dal 6 febbraio e comprende spot tv con tagli Marzo 23, 2021Ottobre 19, 2022 News UniCredit per l\u2019Italia, on air lo spot dedicato alle imprese. Firma Ferzan Ozpetek UniCredit ha nuovamente scelto come partner creativo e strategico TWENTY8 STUDIOS, content e concept creator milanese, e il cineasta Ferzan \u00d6zpetek come regista dello spot tv. Il risultato in questa occasione \u00e8 un film che racconta una storia di attualit\u00e0. Uno storytelling che passa attraverso alcuni settori del tessuto sociale italiano: dalla sartoria al tessile, Dicembre 6, 2020Ottobre 19, 2022 News Lo spot di Natale UniCredit per l&#8217;Italia con Ferzan \u00d6zpetek Dal 6 dicembre al via la nuova campagna pubblicitaria di UniCredit per dare un messaggio di vicinanza agli italiani con la firma di Ferzan Ozpetek. Il film fa parte di un pi\u00f9 ampio progetto di comunicazione \u2013 declinato anche su stampa, digital e social \u2013 per dare un messaggio di vicinanza agli italiani e un","breadcrumb":{"@id":"https:\/\/twenty8studios.eu\/blog\/#breadcrumb"},"inLanguage":"en-US","potentialAction":[{"@type":"ReadAction","target":["https:\/\/twenty8studios.eu\/blog\/"]}]},{"@type":"ImageObject","inLanguage":"en-US","@id":"https:\/\/twenty8studios.eu\/blog\/#primaryimage","url":"https:\/\/twenty8studios.eu\/wp-content\/uploads\/2022\/10\/Schermata-2022-10-14-alle-12.40.01.png","contentUrl":"https:\/\/twenty8studios.eu\/wp-content\/uploads\/2022\/10\/Schermata-2022-10-14-alle-12.40.01.png","width":2832,"height":1266,"caption":"28studios duomo milano"},{"@type":"BreadcrumbList","@id":"https:\/\/twenty8studios.eu\/blog\/#breadcrumb","itemListElement":[{"@type":"ListItem","position":1,"name":"Home","item":"https:\/\/twenty8studios.eu\/"},{"@type":"ListItem","position":2,"name":"Blog"}]},{"@type":"WebSite","@id":"https:\/\/twenty8studios.eu\/en\/#website","url":"https:\/\/twenty8studios.eu\/en\/","name":"Twenty8 Studios","description":"your first creator studios","publisher":{"@id":"https:\/\/twenty8studios.eu\/en\/#organization"},"potentialAction":[{"@type":"SearchAction","target":{"@type":"EntryPoint","urlTemplate":"https:\/\/twenty8studios.eu\/en\/?s={search_term_string}"},"query-input":{"@type":"PropertyValueSpecification","valueRequired":true,"valueName":"search_term_string"}}],"inLanguage":"en-US"},{"@type":"Organization","@id":"https:\/\/twenty8studios.eu\/en\/#organization","name":"Twenty8Studios","url":"https:\/\/twenty8studios.eu\/en\/","logo":{"@type":"ImageObject","inLanguage":"en-US","@id":"https:\/\/twenty8studios.eu\/en\/#\/schema\/logo\/image\/","url":"https:\/\/twenty8studios.eu\/wp-content\/uploads\/2022\/10\/twenty8studios.svg","contentUrl":"https:\/\/twenty8studios.eu\/wp-content\/uploads\/2022\/10\/twenty8studios.svg","width":629,"height":92,"caption":"Twenty8Studios"},"image":{"@id":"https:\/\/twenty8studios.eu\/en\/#\/schema\/logo\/image\/"},"sameAs":["https:\/\/www.facebook.com\/28studios.eu","https:\/\/www.instagram.com\/28studios.eu\/"]}]}},"_links":{"self":[{"href":"https:\/\/twenty8studios.eu\/en\/wp-json\/wp\/v2\/pages\/444","targetHints":{"allow":["GET"]}}],"collection":[{"href":"https:\/\/twenty8studios.eu\/en\/wp-json\/wp\/v2\/pages"}],"about":[{"href":"https:\/\/twenty8studios.eu\/en\/wp-json\/wp\/v2\/types\/page"}],"author":[{"embeddable":true,"href":"https:\/\/twenty8studios.eu\/en\/wp-json\/wp\/v2\/users\/3"}],"replies":[{"embeddable":true,"href":"https:\/\/twenty8studios.eu\/en\/wp-json\/wp\/v2\/comments?post=444"}],"version-history":[{"count":58,"href":"https:\/\/twenty8studios.eu\/en\/wp-json\/wp\/v2\/pages\/444\/revisions"}],"predecessor-version":[{"id":10555,"href":"https:\/\/twenty8studios.eu\/en\/wp-json\/wp\/v2\/pages\/444\/revisions\/10555"}],"wp:featuredmedia":[{"embeddable":true,"href":"https:\/\/twenty8studios.eu\/en\/wp-json\/wp\/v2\/media\/2573"}],"wp:attachment":[{"href":"https:\/\/twenty8studios.eu\/en\/wp-json\/wp\/v2\/media?parent=444"}],"curies":[{"name":"wp","href":"https:\/\/api.w.org\/{rel}","templated":true}]}}