{"id":2514,"date":"2022-10-14T08:27:10","date_gmt":"2022-10-14T08:27:10","guid":{"rendered":"https:\/\/twenty8studios.eu\/?page_id=2514"},"modified":"2025-10-27T11:23:39","modified_gmt":"2025-10-27T11:23:39","slug":"projects","status":"publish","type":"page","link":"https:\/\/twenty8studios.eu\/en\/projects\/","title":{"rendered":"Projects"},"content":{"rendered":"<p><!--Personal Head--><br \/>\n    <!--Personal Image--><br \/>\n        <img decoding=\"async\" alt=\"\" src=\"\"><br \/>\n    <!--\/Personal Image--><br \/>\n    <!--Heading--><br \/>\n        <!--Front Text--><br \/>\n        latest<br \/>\n        <!--\/Front Text--><br \/>\n        <!--Back Text--><br \/>\n        works<br \/>\n        <!--\/Back Text--><br \/>\n    <!--\/Heading--><br \/>\n    <!--Heading Sub Texts--><br \/>\n        <!--Welcome Text--><br \/>\n        <!--\/Welcome Text--><br \/>\n        <!--Welcome Sub Text--><br \/>\n        <!--\/Welcome Sub Text--><br \/>\n    <!--\/Heading Sub Texts--><br \/>\n    <!--Circular Button--><br \/>\n    <a href=\"\"><br \/>\n        discover more<br \/>\n    <\/a><br \/>\n    <!--\/Circular Button--><br \/>\n<!--\/Personal Head--><br \/>\n<!-- Page Nav --><br \/>\n    <!--Page URL--><br \/>\n    <a target=\"_self\" href=\"\/projects\" rel=\"noopener\"><br \/>\n        <!-- Page Title --><br \/>\n        &#038;more<br \/>\n        <!-- \/Page Title --><br \/>\n        <!-- Page Sub-Title --><br \/>\n        <!-- \/Page Sub-Title --><br \/>\n    <\/a><br \/>\n<!-- \/Page Nav --><\/p>\n","protected":false},"excerpt":{"rendered":"<p>latest works discover more &#038;more<\/p>\n","protected":false},"author":3,"featured_media":0,"parent":0,"menu_order":0,"comment_status":"closed","ping_status":"closed","template":"","meta":{"_acf_changed":false,"footnotes":""},"class_list":["post-2514","page","type-page","status-publish","hentry"],"translation":{"provider":"WPGlobus","version":"3.0.1","language":"en","enabled_languages":["it","en"],"languages":{"it":{"title":true,"content":true,"excerpt":false},"en":{"title":true,"content":true,"excerpt":false}}},"acf":[],"yoast_head":"<!-- This site is optimized with the Yoast SEO plugin v26.6 - https:\/\/yoast.com\/wordpress\/plugins\/seo\/ -->\n<title>Projects - Twenty8 Studios<\/title>\n<meta name=\"robots\" content=\"index, follow, max-snippet:-1, max-image-preview:large, max-video-preview:-1\" \/>\n<link rel=\"canonical\" href=\"https:\/\/twenty8studios.eu\/projects\/\" \/>\n<meta property=\"og:locale\" content=\"en_US\" \/>\n<meta property=\"og:type\" content=\"article\" \/>\n<meta property=\"og:title\" content=\"Projects - Twenty8 Studios\" \/>\n<meta property=\"og:url\" content=\"https:\/\/twenty8studios.eu\/projects\/\" \/>\n<meta property=\"og:site_name\" content=\"Twenty8 Studios\" \/>\n<meta property=\"article:publisher\" content=\"https:\/\/www.facebook.com\/28studios.eu\" \/>\n<meta property=\"article:modified_time\" content=\"2025-10-27T11:23:39+00:00\" \/>\n<meta name=\"twitter:card\" content=\"summary_large_image\" \/>\n<meta name=\"twitter:label1\" content=\"Est. reading time\" \/>\n\t<meta name=\"twitter:data1\" content=\"9 minutes\" \/>\n<script type=\"application\/ld+json\" class=\"yoast-schema-graph\">{\"@context\":\"https:\/\/schema.org\",\"@graph\":[{\"@type\":\"WebPage\",\"@id\":\"https:\/\/twenty8studios.eu\/projects\/\",\"url\":\"https:\/\/twenty8studios.eu\/projects\/\",\"name\":\"Projects - Twenty8 Studios\",\"isPartOf\":{\"@id\":\"https:\/\/twenty8studios.eu\/en\/#website\"},\"datePublished\":\"2022-10-14T08:27:10+00:00\",\"dateModified\":\"2025-10-27T11:23:39+00:00\",\"description\":\"Scopri gli ultimi progetti per UniCredit, Incontra assicurazioni, Nexi Group, Pulsee, Nescaf\u00e9, Nestl\u00e9, Acinque energia, Gam, Pax Italia, Amco, Cr\u00e9dit Agricole, Subaru, FCA\",\"breadcrumb\":{\"@id\":\"https:\/\/twenty8studios.eu\/projects\/#breadcrumb\"},\"inLanguage\":\"en-US\",\"potentialAction\":[{\"@type\":\"ReadAction\",\"target\":[\"https:\/\/twenty8studios.eu\/projects\/\"]}]},{\"@type\":\"BreadcrumbList\",\"@id\":\"https:\/\/twenty8studios.eu\/projects\/#breadcrumb\",\"itemListElement\":[{\"@type\":\"ListItem\",\"position\":1,\"name\":\"Home\",\"item\":\"https:\/\/twenty8studios.eu\/\"},{\"@type\":\"ListItem\",\"position\":2,\"name\":\"Projects\"}]},{\"@type\":\"WebSite\",\"@id\":\"https:\/\/twenty8studios.eu\/en\/#website\",\"url\":\"https:\/\/twenty8studios.eu\/en\/\",\"name\":\"Twenty8 Studios\",\"description\":\"your first creator studios\",\"publisher\":{\"@id\":\"https:\/\/twenty8studios.eu\/en\/#organization\"},\"potentialAction\":[{\"@type\":\"SearchAction\",\"target\":{\"@type\":\"EntryPoint\",\"urlTemplate\":\"https:\/\/twenty8studios.eu\/en\/?s={search_term_string}\"},\"query-input\":{\"@type\":\"PropertyValueSpecification\",\"valueRequired\":true,\"valueName\":\"search_term_string\"}}],\"inLanguage\":\"en-US\"},{\"@type\":\"Organization\",\"@id\":\"https:\/\/twenty8studios.eu\/en\/#organization\",\"name\":\"Twenty8Studios\",\"url\":\"https:\/\/twenty8studios.eu\/en\/\",\"logo\":{\"@type\":\"ImageObject\",\"inLanguage\":\"en-US\",\"@id\":\"https:\/\/twenty8studios.eu\/en\/#\/schema\/logo\/image\/\",\"url\":\"https:\/\/twenty8studios.eu\/wp-content\/uploads\/2022\/10\/twenty8studios.svg\",\"contentUrl\":\"https:\/\/twenty8studios.eu\/wp-content\/uploads\/2022\/10\/twenty8studios.svg\",\"width\":629,\"height\":92,\"caption\":\"Twenty8Studios\"},\"image\":{\"@id\":\"https:\/\/twenty8studios.eu\/en\/#\/schema\/logo\/image\/\"},\"sameAs\":[\"https:\/\/www.facebook.com\/28studios.eu\",\"https:\/\/www.instagram.com\/28studios.eu\/\"]}]}<\/script>\n<!-- \/ Yoast SEO plugin. -->","yoast_head_json":{"title":"Projects - Twenty8 Studios","robots":{"index":"index","follow":"follow","max-snippet":"max-snippet:-1","max-image-preview":"max-image-preview:large","max-video-preview":"max-video-preview:-1"},"canonical":"https:\/\/twenty8studios.eu\/projects\/","og_locale":"en_US","og_type":"article","og_title":"Projects - Twenty8 Studios","og_url":"https:\/\/twenty8studios.eu\/projects\/","og_site_name":"Twenty8 Studios","article_publisher":"https:\/\/www.facebook.com\/28studios.eu","article_modified_time":"2025-10-27T11:23:39+00:00","twitter_card":"summary_large_image","twitter_misc":{"Est. reading time":"9 minutes"},"schema":{"@context":"https:\/\/schema.org","@graph":[{"@type":"WebPage","@id":"https:\/\/twenty8studios.eu\/projects\/","url":"https:\/\/twenty8studios.eu\/projects\/","name":"Projects - Twenty8 Studios","isPartOf":{"@id":"https:\/\/twenty8studios.eu\/en\/#website"},"datePublished":"2022-10-14T08:27:10+00:00","dateModified":"2025-10-27T11:23:39+00:00","description":"Scopri gli ultimi progetti per UniCredit, Incontra assicurazioni, Nexi Group, Pulsee, Nescaf\u00e9, Nestl\u00e9, Acinque energia, Gam, Pax Italia, Amco, Cr\u00e9dit Agricole, Subaru, FCA","breadcrumb":{"@id":"https:\/\/twenty8studios.eu\/projects\/#breadcrumb"},"inLanguage":"en-US","potentialAction":[{"@type":"ReadAction","target":["https:\/\/twenty8studios.eu\/projects\/"]}]},{"@type":"BreadcrumbList","@id":"https:\/\/twenty8studios.eu\/projects\/#breadcrumb","itemListElement":[{"@type":"ListItem","position":1,"name":"Home","item":"https:\/\/twenty8studios.eu\/"},{"@type":"ListItem","position":2,"name":"Projects"}]},{"@type":"WebSite","@id":"https:\/\/twenty8studios.eu\/en\/#website","url":"https:\/\/twenty8studios.eu\/en\/","name":"Twenty8 Studios","description":"your first creator studios","publisher":{"@id":"https:\/\/twenty8studios.eu\/en\/#organization"},"potentialAction":[{"@type":"SearchAction","target":{"@type":"EntryPoint","urlTemplate":"https:\/\/twenty8studios.eu\/en\/?s={search_term_string}"},"query-input":{"@type":"PropertyValueSpecification","valueRequired":true,"valueName":"search_term_string"}}],"inLanguage":"en-US"},{"@type":"Organization","@id":"https:\/\/twenty8studios.eu\/en\/#organization","name":"Twenty8Studios","url":"https:\/\/twenty8studios.eu\/en\/","logo":{"@type":"ImageObject","inLanguage":"en-US","@id":"https:\/\/twenty8studios.eu\/en\/#\/schema\/logo\/image\/","url":"https:\/\/twenty8studios.eu\/wp-content\/uploads\/2022\/10\/twenty8studios.svg","contentUrl":"https:\/\/twenty8studios.eu\/wp-content\/uploads\/2022\/10\/twenty8studios.svg","width":629,"height":92,"caption":"Twenty8Studios"},"image":{"@id":"https:\/\/twenty8studios.eu\/en\/#\/schema\/logo\/image\/"},"sameAs":["https:\/\/www.facebook.com\/28studios.eu","https:\/\/www.instagram.com\/28studios.eu\/"]}]}},"_links":{"self":[{"href":"https:\/\/twenty8studios.eu\/en\/wp-json\/wp\/v2\/pages\/2514","targetHints":{"allow":["GET"]}}],"collection":[{"href":"https:\/\/twenty8studios.eu\/en\/wp-json\/wp\/v2\/pages"}],"about":[{"href":"https:\/\/twenty8studios.eu\/en\/wp-json\/wp\/v2\/types\/page"}],"author":[{"embeddable":true,"href":"https:\/\/twenty8studios.eu\/en\/wp-json\/wp\/v2\/users\/3"}],"replies":[{"embeddable":true,"href":"https:\/\/twenty8studios.eu\/en\/wp-json\/wp\/v2\/comments?post=2514"}],"version-history":[{"count":103,"href":"https:\/\/twenty8studios.eu\/en\/wp-json\/wp\/v2\/pages\/2514\/revisions"}],"predecessor-version":[{"id":10409,"href":"https:\/\/twenty8studios.eu\/en\/wp-json\/wp\/v2\/pages\/2514\/revisions\/10409"}],"wp:attachment":[{"href":"https:\/\/twenty8studios.eu\/en\/wp-json\/wp\/v2\/media?parent=2514"}],"curies":[{"name":"wp","href":"https:\/\/api.w.org\/{rel}","templated":true}]}}